{"id":12581,"date":"2025-07-08T09:38:29","date_gmt":"2025-07-08T07:38:29","guid":{"rendered":"https:\/\/maximemouroux.com\/?post_type=product&#038;p=12581"},"modified":"2025-07-08T09:43:06","modified_gmt":"2025-07-08T07:43:06","slug":"tapis-botaniques","status":"publish","type":"product","link":"https:\/\/maximemouroux.com\/?product=tapis-botaniques","title":{"rendered":"Tapis Botaniques"},"content":{"rendered":"","protected":false},"excerpt":{"rendered":"<p>Botaniques est un tapis imagin\u00e9e \u00e0 partir de peintures \u00e0 l&#8217;encre juxtapos\u00e9es pour former une composition abstraite.<\/p>\n<p>Le quadrillage est un \u00e9cho de mon travail men\u00e9 parall\u00e8lement<br \/>\nsur les carreaux de c\u00e9ramique.<\/p>\n<p>Tuft\u00e9 \u00e0 la main<\/p>\n<p>Taille 300 x 200 cm<\/p>\n<p>&nbsp;<\/p>\n<div>Pour une couleur ou une dimension particuli\u00e8re, et toute question, <a href=\"https:\/\/maximemouroux.com\/?page_id=120\">contactez moi.<\/a><\/div>\n<p>Composition: laine recycl\u00e9e fran\u00e7aise.<\/p>\n<p>Hauteur des poils ~ 15 mm<\/p>\n<p>&nbsp;<\/p>\n<p> <a class=\"more-link\" href=\"https:\/\/maximemouroux.com\/?product=tapis-botaniques\">Read more<\/a><\/p>","protected":false},"featured_media":11713,"template":"","meta":[],"product_cat":[19],"product_tag":[],"class_list":{"0":"post-12581","1":"product","2":"type-product","3":"status-publish","4":"has-post-thumbnail","6":"product_cat-tapis","7":"product_shipping_class-tapis-200-x-300","9":"first","10":"instock","11":"sale","12":"taxable","13":"shipping-taxable","14":"purchasable","15":"product-type-simple"},"_links":{"self":[{"href":"https:\/\/maximemouroux.com\/index.php?rest_route=\/wp\/v2\/product\/12581"}],"collection":[{"href":"https:\/\/maximemouroux.com\/index.php?rest_route=\/wp\/v2\/product"}],"about":[{"href":"https:\/\/maximemouroux.com\/index.php?rest_route=\/wp\/v2\/types\/product"}],"wp:featuredmedia":[{"embeddable":true,"href":"https:\/\/maximemouroux.com\/index.php?rest_route=\/wp\/v2\/media\/11713"}],"wp:attachment":[{"href":"https:\/\/maximemouroux.com\/index.php?rest_route=%2Fwp%2Fv2%2Fmedia&parent=12581"}],"wp:term":[{"taxonomy":"product_cat","embeddable":true,"href":"https:\/\/maximemouroux.com\/index.php?rest_route=%2Fwp%2Fv2%2Fproduct_cat&post=12581"},{"taxonomy":"product_tag","embeddable":true,"href":"https:\/\/maximemouroux.com\/index.php?rest_route=%2Fwp%2Fv2%2Fproduct_tag&post=12581"}],"curies":[{"name":"wp","href":"https:\/\/api.w.org\/{rel}","templated":true}]}}