{"id":12523,"date":"2025-02-24T10:19:52","date_gmt":"2025-02-24T09:19:52","guid":{"rendered":"https:\/\/maximemouroux.com\/?post_type=product&#038;p=12523"},"modified":"2025-02-24T10:45:02","modified_gmt":"2025-02-24T09:45:02","slug":"tabouret-ceramique","status":"publish","type":"product","link":"https:\/\/maximemouroux.com\/?product=tabouret-ceramique","title":{"rendered":"Tabouret c\u00e9ramique"},"content":{"rendered":"","protected":false},"excerpt":{"rendered":"<p>Tabouret petite table \u00e0 vous de choisir<\/p>\n<p>Pi\u00e8ce unique<\/p>\n<p>Fabriqu\u00e9 \u00e0 la main et peint \u00e0 la main<\/p>\n<p>Assise en c\u00e9ramique gr\u00e8s, pied en acier<\/p>\n<p>Taille: 48 x 28,5 x 28,5 cm<\/p>\n<p> <a class=\"more-link\" href=\"https:\/\/maximemouroux.com\/?product=tabouret-ceramique\">Read more<\/a><\/p>","protected":false},"featured_media":12536,"template":"","meta":[],"product_cat":[117],"product_tag":[],"class_list":{"0":"post-12523","1":"product","2":"type-product","3":"status-publish","4":"has-post-thumbnail","6":"product_cat-tabouret","7":"product_shipping_class-tabouret","9":"first","10":"instock","11":"taxable","12":"shipping-taxable","13":"purchasable","14":"product-type-simple"},"_links":{"self":[{"href":"https:\/\/maximemouroux.com\/index.php?rest_route=\/wp\/v2\/product\/12523"}],"collection":[{"href":"https:\/\/maximemouroux.com\/index.php?rest_route=\/wp\/v2\/product"}],"about":[{"href":"https:\/\/maximemouroux.com\/index.php?rest_route=\/wp\/v2\/types\/product"}],"wp:featuredmedia":[{"embeddable":true,"href":"https:\/\/maximemouroux.com\/index.php?rest_route=\/wp\/v2\/media\/12536"}],"wp:attachment":[{"href":"https:\/\/maximemouroux.com\/index.php?rest_route=%2Fwp%2Fv2%2Fmedia&parent=12523"}],"wp:term":[{"taxonomy":"product_cat","embeddable":true,"href":"https:\/\/maximemouroux.com\/index.php?rest_route=%2Fwp%2Fv2%2Fproduct_cat&post=12523"},{"taxonomy":"product_tag","embeddable":true,"href":"https:\/\/maximemouroux.com\/index.php?rest_route=%2Fwp%2Fv2%2Fproduct_tag&post=12523"}],"curies":[{"name":"wp","href":"https:\/\/api.w.org\/{rel}","templated":true}]}}