{"id":12487,"date":"2025-02-20T17:53:16","date_gmt":"2025-02-20T16:53:16","guid":{"rendered":"https:\/\/maximemouroux.com\/?post_type=product&#038;p=12487"},"modified":"2025-02-26T09:36:12","modified_gmt":"2025-02-26T08:36:12","slug":"fruits-epanouis","status":"publish","type":"product","link":"https:\/\/maximemouroux.com\/?product=fruits-epanouis","title":{"rendered":"Fruits \u00e9panouis"},"content":{"rendered":"","protected":false},"excerpt":{"rendered":"<p>Tous les tapis sont imagin\u00e9s et fabriqu\u00e9s par mes soins<\/p>\n<p>Ce tapis est une pi\u00e8ce unique<\/p>\n<p>Tuft\u00e9 \u00e0 la main<\/p>\n<p>Taille 80 x 60 cm<\/p>\n<p>Composition: laine recycl\u00e9e fran\u00e7aise.<\/p>\n<p>Hauteur des poils ~ 15 mm<\/p>\n<p>&nbsp;<\/p>\n<p> <a class=\"more-link\" href=\"https:\/\/maximemouroux.com\/?product=fruits-epanouis\">Read more<\/a><\/p>","protected":false},"featured_media":12488,"template":"","meta":[],"product_cat":[19],"product_tag":[],"class_list":{"0":"post-12487","1":"product","2":"type-product","3":"status-publish","4":"has-post-thumbnail","6":"product_cat-tapis","7":"product_shipping_class-30-x-40","9":"first","10":"instock","11":"sale","12":"taxable","13":"shipping-taxable","14":"purchasable","15":"product-type-simple"},"_links":{"self":[{"href":"https:\/\/maximemouroux.com\/index.php?rest_route=\/wp\/v2\/product\/12487"}],"collection":[{"href":"https:\/\/maximemouroux.com\/index.php?rest_route=\/wp\/v2\/product"}],"about":[{"href":"https:\/\/maximemouroux.com\/index.php?rest_route=\/wp\/v2\/types\/product"}],"wp:featuredmedia":[{"embeddable":true,"href":"https:\/\/maximemouroux.com\/index.php?rest_route=\/wp\/v2\/media\/12488"}],"wp:attachment":[{"href":"https:\/\/maximemouroux.com\/index.php?rest_route=%2Fwp%2Fv2%2Fmedia&parent=12487"}],"wp:term":[{"taxonomy":"product_cat","embeddable":true,"href":"https:\/\/maximemouroux.com\/index.php?rest_route=%2Fwp%2Fv2%2Fproduct_cat&post=12487"},{"taxonomy":"product_tag","embeddable":true,"href":"https:\/\/maximemouroux.com\/index.php?rest_route=%2Fwp%2Fv2%2Fproduct_tag&post=12487"}],"curies":[{"name":"wp","href":"https:\/\/api.w.org\/{rel}","templated":true}]}}