{"id":12176,"date":"2024-05-06T15:02:56","date_gmt":"2024-05-06T13:02:56","guid":{"rendered":"https:\/\/maximemouroux.com\/?post_type=product&#038;p=12176"},"modified":"2025-02-13T17:59:41","modified_gmt":"2025-02-13T16:59:41","slug":"lampe-4","status":"publish","type":"product","link":"https:\/\/maximemouroux.com\/?product=lampe-4","title":{"rendered":"Lampe C1 double nature"},"content":{"rendered":"","protected":false},"excerpt":{"rendered":"<p>Lampe en c\u00e9ramique<\/p>\n<p>Fabriqu\u00e9 \u00e0 la main et peint \u00e0 la main<\/p>\n<p>Taille: 49 x 17 cm<\/p>\n<p>Chaque pi\u00e8ce est faite \u00e0 la main, il y a des variations de couleur ou de taille<\/p>\n<p> <a class=\"more-link\" href=\"https:\/\/maximemouroux.com\/?product=lampe-4\">Read more<\/a><\/p>","protected":false},"featured_media":12160,"template":"","meta":[],"product_cat":[111,116],"product_tag":[],"class_list":{"0":"post-12176","1":"product","2":"type-product","3":"status-publish","4":"has-post-thumbnail","6":"product_cat-ceramique","7":"product_cat-lampe","8":"product_shipping_class-ceramique","10":"first","11":"instock","12":"taxable","13":"shipping-taxable","14":"purchasable","15":"product-type-simple"},"_links":{"self":[{"href":"https:\/\/maximemouroux.com\/index.php?rest_route=\/wp\/v2\/product\/12176"}],"collection":[{"href":"https:\/\/maximemouroux.com\/index.php?rest_route=\/wp\/v2\/product"}],"about":[{"href":"https:\/\/maximemouroux.com\/index.php?rest_route=\/wp\/v2\/types\/product"}],"wp:featuredmedia":[{"embeddable":true,"href":"https:\/\/maximemouroux.com\/index.php?rest_route=\/wp\/v2\/media\/12160"}],"wp:attachment":[{"href":"https:\/\/maximemouroux.com\/index.php?rest_route=%2Fwp%2Fv2%2Fmedia&parent=12176"}],"wp:term":[{"taxonomy":"product_cat","embeddable":true,"href":"https:\/\/maximemouroux.com\/index.php?rest_route=%2Fwp%2Fv2%2Fproduct_cat&post=12176"},{"taxonomy":"product_tag","embeddable":true,"href":"https:\/\/maximemouroux.com\/index.php?rest_route=%2Fwp%2Fv2%2Fproduct_tag&post=12176"}],"curies":[{"name":"wp","href":"https:\/\/api.w.org\/{rel}","templated":true}]}}