{"id":12173,"date":"2024-05-06T14:59:13","date_gmt":"2024-05-06T12:59:13","guid":{"rendered":"https:\/\/maximemouroux.com\/?post_type=product&#038;p=12173"},"modified":"2025-02-13T18:00:09","modified_gmt":"2025-02-13T17:00:09","slug":"lampe-2","status":"publish","type":"product","link":"https:\/\/maximemouroux.com\/?product=lampe-2","title":{"rendered":"Lampe C1 jaune"},"content":{"rendered":"","protected":false},"excerpt":{"rendered":"<p>Lampe en c\u00e9ramique<\/p>\n<p>Fabriqu\u00e9 \u00e0 la main et peint \u00e0 la main<\/p>\n<p>Taille: 32,5 x 17 cm<\/p>\n<p>Chaque pi\u00e8ce est faite \u00e0 la main, il y a des variations de couleur ou de taille<\/p>\n<p> <a class=\"more-link\" href=\"https:\/\/maximemouroux.com\/?product=lampe-2\">Read more<\/a><\/p>","protected":false},"featured_media":12166,"template":"","meta":[],"product_cat":[111,116],"product_tag":[],"class_list":{"0":"post-12173","1":"product","2":"type-product","3":"status-publish","4":"has-post-thumbnail","6":"product_cat-ceramique","7":"product_cat-lampe","8":"product_shipping_class-ceramique","10":"first","11":"instock","12":"taxable","13":"shipping-taxable","14":"purchasable","15":"product-type-simple"},"_links":{"self":[{"href":"https:\/\/maximemouroux.com\/index.php?rest_route=\/wp\/v2\/product\/12173"}],"collection":[{"href":"https:\/\/maximemouroux.com\/index.php?rest_route=\/wp\/v2\/product"}],"about":[{"href":"https:\/\/maximemouroux.com\/index.php?rest_route=\/wp\/v2\/types\/product"}],"wp:featuredmedia":[{"embeddable":true,"href":"https:\/\/maximemouroux.com\/index.php?rest_route=\/wp\/v2\/media\/12166"}],"wp:attachment":[{"href":"https:\/\/maximemouroux.com\/index.php?rest_route=%2Fwp%2Fv2%2Fmedia&parent=12173"}],"wp:term":[{"taxonomy":"product_cat","embeddable":true,"href":"https:\/\/maximemouroux.com\/index.php?rest_route=%2Fwp%2Fv2%2Fproduct_cat&post=12173"},{"taxonomy":"product_tag","embeddable":true,"href":"https:\/\/maximemouroux.com\/index.php?rest_route=%2Fwp%2Fv2%2Fproduct_tag&post=12173"}],"curies":[{"name":"wp","href":"https:\/\/api.w.org\/{rel}","templated":true}]}}