{"id":9,"date":"2019-05-15T09:48:11","date_gmt":"2019-05-15T07:48:11","guid":{"rendered":"http:\/\/maximemouroux.com\/?page_id=9"},"modified":"2025-07-08T09:51:46","modified_gmt":"2025-07-08T07:51:46","slug":"a-propos-de","status":"publish","type":"page","link":"https:\/\/maximemouroux.com\/?page_id=9","title":{"rendered":"\u00c0 PROPOS"},"content":{"rendered":"\n<div class=\"wp-block-media-text alignwide is-stacked-on-mobile is-image-fill\" style=\"grid-template-columns:33% auto\"><figure class=\"wp-block-media-text__media\" style=\"background-image:url(https:\/\/maximemouroux.com\/wp-content\/uploads\/2025\/07\/portrait-Mouroux-2024-2.jpg);background-position:76% 12%\"><img loading=\"lazy\" decoding=\"async\" width=\"1475\" height=\"1967\" src=\"https:\/\/maximemouroux.com\/wp-content\/uploads\/2025\/07\/portrait-Mouroux-2024-2.jpg\" alt=\"\" class=\"wp-image-12627 size-full\" srcset=\"https:\/\/maximemouroux.com\/wp-content\/uploads\/2025\/07\/portrait-Mouroux-2024-2.jpg 1475w, https:\/\/maximemouroux.com\/wp-content\/uploads\/2025\/07\/portrait-Mouroux-2024-2-768x1024.jpg 768w, https:\/\/maximemouroux.com\/wp-content\/uploads\/2025\/07\/portrait-Mouroux-2024-2-1200x1600.jpg 1200w\" sizes=\"(max-width: 1475px) 100vw, 1475px\" \/><\/figure><div class=\"wp-block-media-text__content\">\n<p><strong>Maxime Mouroux<\/strong> est un artiste designer polyvalent originaire de France et bas\u00e9 \u00e0 Bruxelles, fusionnant l&#8217;art et le design. <\/p>\n\n\n\n<p>Depuis son atelier, Maxime confectionne des tapis en laine tuft\u00e9e qui se transforment en \u0153uvres d&#8217;art captivantes. Chaque pi\u00e8ce est minutieusement con\u00e7ue, s&#8217;inspirant de th\u00e8mes vari\u00e9s tels que les g\u00e9om\u00e9tries et les paysages.<\/p>\n\n\n\n<p>Inscrit dans une d\u00e9marche de qualit\u00e9, Maxime utilise de la laine recycl\u00e9e fran\u00e7aise. Ses tapis, disponibles en pi\u00e8ces uniques ou en petites s\u00e9ries, sont con\u00e7us pour orner \u00e0 la fois les sols et les murs, ajoutant du caract\u00e8re aux int\u00e9rieurs priv\u00e9s et aux espaces publics. <\/p>\n\n\n\n<p>En plus de ses cr\u00e9ations de tapis, Maxime met \u00e9galement en valeur son talent dans les carreaux de c\u00e9ramique, cr\u00e9ant des installations de carreaux captivantes qui marient expression artistique et design fonctionnel.<\/p>\n\n\n\n<p><strong><em>&#8220;Je cr\u00e9e des pi\u00e8ces uniques qui allient art, design et fonctionnalit\u00e9. Passionn\u00e9 par le savoir-faire, je m&#8217;efforce de mettre en lumi\u00e8re la beaut\u00e9 et la cr\u00e9ativit\u00e9 dans chaque pi\u00e8ce que je cr\u00e9e.&#8221;<\/em><\/strong><\/p>\n\n\n\n<p><\/p>\n<\/div><\/div>\n","protected":false},"excerpt":{"rendered":"<p>Maxime Mouroux est un artiste designer polyvalent originaire de France et bas\u00e9 \u00e0 Bruxelles, fusionnant l&#8217;art et le design. Depuis son atelier, Maxime confectionne des tapis en laine tuft\u00e9e qui se transforment en \u0153uvres d&#8217;art captivantes. Chaque pi\u00e8ce est minutieusement con\u00e7ue, s&#8217;inspirant de th\u00e8mes vari\u00e9s tels que les g\u00e9om\u00e9tries et les paysages. Inscrit dans une d\u00e9marche de qualit\u00e9, Maxime utilise de la laine recycl\u00e9e fran\u00e7aise. Ses tapis, disponibles en pi\u00e8ces uniques ou en petites s\u00e9ries, sont con\u00e7us pour orner \u00e0 la fois les sols et les murs, ajoutant du caract\u00e8re aux int\u00e9rieurs priv\u00e9s et aux espaces publics. En plus de ses cr\u00e9ations de tapis, Maxime met \u00e9galement en valeur son talent dans les carreaux de c\u00e9ramique, cr\u00e9ant des installations de carreaux captivantes qui marient expression artistique et design fonctionnel. &#8220;Je cr\u00e9e des pi\u00e8ces uniques qui allient art, design et fonctionnalit\u00e9. Passionn\u00e9 par le savoir-faire, je m&#8217;efforce de mettre en lumi\u00e8re&hellip;<\/p>\n<p> <a class=\"more-link\" href=\"https:\/\/maximemouroux.com\/?page_id=9\">Read more<\/a><\/p>\n","protected":false},"author":1,"featured_media":0,"parent":0,"menu_order":0,"comment_status":"closed","ping_status":"closed","template":"","meta":{"footnotes":""},"class_list":["post-9","page","type-page","status-publish"],"_links":{"self":[{"href":"https:\/\/maximemouroux.com\/index.php?rest_route=\/wp\/v2\/pages\/9"}],"collection":[{"href":"https:\/\/maximemouroux.com\/index.php?rest_route=\/wp\/v2\/pages"}],"about":[{"href":"https:\/\/maximemouroux.com\/index.php?rest_route=\/wp\/v2\/types\/page"}],"author":[{"embeddable":true,"href":"https:\/\/maximemouroux.com\/index.php?rest_route=\/wp\/v2\/users\/1"}],"replies":[{"embeddable":true,"href":"https:\/\/maximemouroux.com\/index.php?rest_route=%2Fwp%2Fv2%2Fcomments&post=9"}],"version-history":[{"count":33,"href":"https:\/\/maximemouroux.com\/index.php?rest_route=\/wp\/v2\/pages\/9\/revisions"}],"predecessor-version":[{"id":12633,"href":"https:\/\/maximemouroux.com\/index.php?rest_route=\/wp\/v2\/pages\/9\/revisions\/12633"}],"wp:attachment":[{"href":"https:\/\/maximemouroux.com\/index.php?rest_route=%2Fwp%2Fv2%2Fmedia&parent=9"}],"curies":[{"name":"wp","href":"https:\/\/api.w.org\/{rel}","templated":true}]}}